{"id":1650,"date":"2025-06-23T17:52:43","date_gmt":"2025-06-23T17:52:43","guid":{"rendered":"https:\/\/abatectelhado.com.br\/?page_id=1650"},"modified":"2026-03-30T14:29:08","modified_gmt":"2026-03-30T14:29:08","slug":"construcao-de-telhado","status":"publish","type":"page","link":"https:\/\/abatectelhado.com.br\/index.php\/construcao-de-telhado\/","title":{"rendered":"Constru\u00e7\u00e3o de telhado"},"content":{"rendered":"\t\t<div data-elementor-type=\"wp-page\" data-elementor-id=\"1650\" class=\"elementor elementor-1650\">\n\t\t\t\t<div class=\"elementor-element elementor-element-29b974e5 e-con-full e-flex e-con e-parent\" data-id=\"29b974e5\" data-element_type=\"container\">\n\t\t\t\t<div class=\"elementor-element elementor-element-48692594 elementor-widget elementor-widget-text-editor\" data-id=\"48692594\" data-element_type=\"widget\" data-widget_type=\"text-editor.default\">\n\t\t\t\t<div class=\"elementor-widget-container\">\n\t\t\t\t\t\t\t\t\t<p>oferece servi\u00e7os de instala\u00e7\u00e3o, limpeza e manuten\u00e7\u00e3o de telhados e calhas. Instalamos todos os componentes de fechamento de telhado, executamos consertos, inclusive em calhas, bem como realizamos manuten\u00e7\u00f5es reparativas urgentes ou preventivas a fim de aumentar o tempo de vida do seu telhado.<\/p><p><!-- \/wp:paragraph --><!-- wp:gallery {\"linkTo\":\"none\"} --><\/p><figure class=\"wp-block-gallery has-nested-images columns-default is-cropped\"><!-- wp:image {\"id\":1677,\"sizeSlug\":\"large\",\"linkDestination\":\"none\"} --><figure class=\"wp-block-image size-large\"><\/figure><p><!-- \/wp:image --><!-- wp:image {\"id\":1678,\"sizeSlug\":\"large\",\"linkDestination\":\"none\"} --><\/p><figure class=\"wp-block-image size-large\"><\/figure><p><!-- \/wp:image --><!-- wp:image {\"id\":1679,\"sizeSlug\":\"large\",\"linkDestination\":\"none\"} --><\/p><p><!-- \/wp:image --><!-- wp:image {\"id\":1680,\"sizeSlug\":\"large\",\"linkDestination\":\"none\"} --><\/p><p><!-- \/wp:image --><!-- wp:image {\"id\":1681,\"sizeSlug\":\"large\",\"linkDestination\":\"none\"} --><\/p><figure class=\"wp-block-image size-large\"><\/figure><p><!-- \/wp:image --><!-- wp:image {\"id\":1682,\"sizeSlug\":\"large\",\"linkDestination\":\"none\"} --><\/p><figure class=\"wp-block-image size-large\"><\/figure><p><!-- \/wp:image --><!-- wp:image {\"id\":1683,\"sizeSlug\":\"large\",\"linkDestination\":\"none\"} --><\/p><figure class=\"wp-block-image size-large\"><\/figure><p><!-- \/wp:image --><!-- wp:image {\"id\":1684,\"sizeSlug\":\"large\",\"linkDestination\":\"none\"} --><\/p><figure class=\"wp-block-image size-large\"><\/figure><p><!-- \/wp:image --><!-- wp:image {\"id\":1685,\"sizeSlug\":\"large\",\"linkDestination\":\"none\"} --><\/p><figure class=\"wp-block-image size-large\"><\/figure><p><!-- \/wp:image --><!-- wp:image {\"id\":1686,\"sizeSlug\":\"large\",\"linkDestination\":\"none\"} --><\/p><figure class=\"wp-block-image size-large\"><\/figure><p><!-- \/wp:image --><!-- wp:image {\"id\":1687,\"sizeSlug\":\"large\",\"linkDestination\":\"none\"} --><\/p><figure class=\"wp-block-image size-large\"><\/figure><p><!-- \/wp:image --><!-- wp:image {\"id\":1688,\"sizeSlug\":\"large\",\"linkDestination\":\"none\"} --><\/p><figure class=\"wp-block-image size-large\"><\/figure><p><!-- \/wp:image --><!-- wp:image {\"id\":1689,\"sizeSlug\":\"large\",\"linkDestination\":\"none\"} --><\/p><figure class=\"wp-block-image size-large\"><\/figure><p><!-- \/wp:image --><!-- wp:image {\"id\":1690,\"sizeSlug\":\"large\",\"linkDestination\":\"none\"} --><\/p><figure class=\"wp-block-image size-large\"><\/figure><p><!-- \/wp:image --><!-- wp:image {\"id\":1691,\"sizeSlug\":\"large\",\"linkDestination\":\"none\"} --><\/p><figure class=\"wp-block-image size-large\"><\/figure><p><!-- \/wp:image --><!-- wp:image {\"id\":1692,\"sizeSlug\":\"large\",\"linkDestination\":\"none\"} --><\/p><figure class=\"wp-block-image size-large\"><\/figure><p><!-- \/wp:image --><!-- wp:image {\"id\":1693,\"sizeSlug\":\"large\",\"linkDestination\":\"none\"} --><\/p><figure class=\"wp-block-image size-large\"><\/figure><p><!-- \/wp:image --><!-- wp:image {\"id\":1694,\"sizeSlug\":\"large\",\"linkDestination\":\"none\"} --><\/p><figure class=\"wp-block-image size-large\"><\/figure><p><!-- \/wp:image --><!-- wp:image {\"id\":1695,\"sizeSlug\":\"large\",\"linkDestination\":\"none\"} --><\/p><figure class=\"wp-block-image size-large\"><\/figure><p><!-- \/wp:image --><!-- wp:image {\"id\":1696,\"sizeSlug\":\"large\",\"linkDestination\":\"none\"} --><\/p><figure class=\"wp-block-image size-large\"><\/figure><p><!-- \/wp:image --><\/p><\/figure><p><!-- \/wp:gallery --><\/p>\t\t\t\t\t\t\t\t<\/div>\n\t\t\t\t<\/div>\n\t\t\t\t<\/div>\n\t\t<div class=\"elementor-element elementor-element-8a27386 e-flex e-con-boxed e-con e-parent\" data-id=\"8a27386\" data-element_type=\"container\">\n\t\t\t\t\t<div class=\"e-con-inner\">\n\t\t\t\t<div class=\"elementor-element elementor-element-220a7c6 elementor-widget elementor-widget-rufers_about_company_3\" data-id=\"220a7c6\" data-element_type=\"widget\" data-widget_type=\"rufers_about_company_3.default\">\n\t\t\t\t<div class=\"elementor-widget-container\">\n\t\t\t\t\t    \n    <!--Start About Style3 Area-->          \n    <section class=\"about-style3-area\">        \n        <div class=\"container\">            \n            <div class=\"row\">                \n                                <div class=\"col-xl-6\">                    \n                    <div class=\"about-style3__content\">                        \n                                                 \n                        <div class=\"inner-content\">                            \n                                                        <div class=\"row\">                                \n                                                                 \n                                <div class=\"col-xl-6\">                                    \n                                    <div class=\"about-style3__single-box\">                                        \n                                        <div class=\"top\">                                            \n                                            <div class=\"icon\">                                                \n                                                <span class=\"\"><\/span>                                                    \n                                            <\/div>                                                \n                                            <div class=\"inner-title\">                                                \n                                                <h3>Residential&lt;br&gt; Roofing Services<\/h3>                                                    \n                                            <\/div>                                                \n                                        <\/div>\n                                                                                                                         \n                                                                                    \n                                    <\/div>\n                                <\/div>\n                                                                \n                                <div class=\"col-xl-6\">                                    \n                                    <div class=\"about-style3__single-box\">                                        \n                                        <div class=\"top\">                                            \n                                            <div class=\"icon\">                                                \n                                                <span class=\"\"><\/span>                                                    \n                                            <\/div>                                                \n                                            <div class=\"inner-title\">                                                \n                                                <h3>Commercial&lt;br&gt; Roofing Services<\/h3>                                                    \n                                            <\/div>                                                \n                                        <\/div>\n                                                                                                                         \n                                                                                    \n                                    <\/div>\n                                <\/div>\n                                  \n                            <\/div>\n                        <\/div>\n                    <\/div>\n                <\/div>\n            <\/div>\n        <\/div>\n    <\/section>\n    <!--End About Style3 Area-->\n        \n    \t\t\t\t<\/div>\n\t\t\t\t<\/div>\n\t\t\t\t\t<\/div>\n\t\t\t\t<\/div>\n\t\t\t\t<\/div>\n\t\t","protected":false},"excerpt":{"rendered":"<p>oferece servi\u00e7os de instala\u00e7\u00e3o, limpeza e manuten\u00e7\u00e3o de telhados e calhas. Instalamos todos os componentes de fechamento de telhado, executamos consertos, inclusive em calhas, bem como realizamos manuten\u00e7\u00f5es reparativas urgentes ou preventivas a fim de aumentar o tempo de vida do seu telhado. Residential&lt;br&gt; Roofing Services Commercial&lt;br&gt; Roofing Services<\/p>\n","protected":false},"author":1,"featured_media":0,"parent":0,"menu_order":0,"comment_status":"closed","ping_status":"closed","template":"","meta":{"_joinchat":[],"footnotes":""},"class_list":["post-1650","page","type-page","status-publish","hentry"],"_links":{"self":[{"href":"https:\/\/abatectelhado.com.br\/index.php\/wp-json\/wp\/v2\/pages\/1650","targetHints":{"allow":["GET"]}}],"collection":[{"href":"https:\/\/abatectelhado.com.br\/index.php\/wp-json\/wp\/v2\/pages"}],"about":[{"href":"https:\/\/abatectelhado.com.br\/index.php\/wp-json\/wp\/v2\/types\/page"}],"author":[{"embeddable":true,"href":"https:\/\/abatectelhado.com.br\/index.php\/wp-json\/wp\/v2\/users\/1"}],"replies":[{"embeddable":true,"href":"https:\/\/abatectelhado.com.br\/index.php\/wp-json\/wp\/v2\/comments?post=1650"}],"version-history":[{"count":27,"href":"https:\/\/abatectelhado.com.br\/index.php\/wp-json\/wp\/v2\/pages\/1650\/revisions"}],"predecessor-version":[{"id":2054,"href":"https:\/\/abatectelhado.com.br\/index.php\/wp-json\/wp\/v2\/pages\/1650\/revisions\/2054"}],"wp:attachment":[{"href":"https:\/\/abatectelhado.com.br\/index.php\/wp-json\/wp\/v2\/media?parent=1650"}],"curies":[{"name":"wp","href":"https:\/\/api.w.org\/{rel}","templated":true}]}}